{"id":22,"date":"2020-03-07T09:15:17","date_gmt":"2020-03-07T09:15:17","guid":{"rendered":"http:\/\/themezinho.net\/?page_id=22"},"modified":"2025-10-21T22:28:59","modified_gmt":"2025-10-21T22:28:59","slug":"portfoyumuz","status":"publish","type":"page","link":"https:\/\/aktaydesign.com\/index.php\/portfoyumuz\/","title":{"rendered":"Portf\u00f6y\u00fcm\u00fcz"},"content":{"rendered":"<p>[vc_row full_width=&#8221;stretch_row_content_no_spaces&#8221; section_background_color=&#8221;#222327&#8243;][vc_column][ts_portfolio total_count=&#8221;24&#8243;][\/vc_column][\/vc_row][vc_row content_placement=&#8221;middle&#8221; use_container=&#8221;yes&#8221;][vc_column width=&#8221;1\/3&#8243; el_class=&#8221;title-spacing&#8221;][ts_section_title title=&#8221;K\u0130MLERLE \u00c7ALI\u015eTIK&#8221;][\/vc_column][vc_column width=&#8221;7\/12&#8243; offset=&#8221;vc_col-lg-offset-1&#8243;][vc_row_inner el_class=&#8221;clients-spacing&#8221;][vc_column_inner width=&#8221;1\/3&#8243; offset=&#8221;vc_col-xs-4&#8243;][ts_client logo=&#8221;1646&#8243; link=&#8221;https:\/\/aktaygyo.com\/&#8221;][\/vc_column_inner][vc_column_inner width=&#8221;1\/3&#8243; offset=&#8221;vc_col-xs-4&#8243;][ts_client logo=&#8221;1644&#8243;][\/vc_column_inner][vc_column_inner width=&#8221;1\/3&#8243; offset=&#8221;vc_col-xs-4&#8243;][ts_client logo=&#8221;1645&#8243;][\/vc_column_inner][\/vc_row_inner][vc_row_inner el_class=&#8221;ikardi&#8221;][vc_column_inner width=&#8221;1\/3&#8243; offset=&#8221;vc_col-xs-4&#8243;][ts_client logo=&#8221;1653&#8243;][\/vc_column_inner][vc_column_inner width=&#8221;1\/3&#8243; offset=&#8221;vc_col-xs-4&#8243;][ts_client logo=&#8221;1712&#8243;][\/vc_column_inner][vc_column_inner width=&#8221;1\/3&#8243; offset=&#8221;vc_col-xs-4&#8243;][ts_client logo=&#8221;1714&#8243;][\/vc_column_inner][\/vc_row_inner][vc_row_inner el_class=&#8221;clients-spacing&#8221;][vc_column_inner width=&#8221;1\/3&#8243; offset=&#8221;vc_col-xs-4&#8243;][ts_client logo=&#8221;1716&#8243;][\/vc_column_inner][vc_column_inner width=&#8221;1\/3&#8243; offset=&#8221;vc_col-xs-4&#8243;][ts_client logo=&#8221;1719&#8243;][\/vc_column_inner][vc_column_inner width=&#8221;1\/3&#8243; offset=&#8221;vc_col-xs-4&#8243;][ts_client logo=&#8221;1723&#8243;][\/vc_column_inner][\/vc_row_inner][vc_row_inner el_class=&#8221;clients-spacing&#8221;][vc_column_inner width=&#8221;1\/3&#8243; offset=&#8221;vc_col-xs-4&#8243;][ts_client logo=&#8221;1725&#8243;][ts_client logo=&#8221;1728&#8243;][\/vc_column_inner][vc_column_inner width=&#8221;1\/3&#8243; offset=&#8221;vc_col-xs-4&#8243;][ts_client logo=&#8221;1724&#8243;][\/vc_column_inner][vc_column_inner width=&#8221;1\/3&#8243; offset=&#8221;vc_col-xs-4&#8243;][ts_client logo=&#8221;1726&#8243;][\/vc_column_inner][\/vc_row_inner][\/vc_column][\/vc_row]<\/p>\n","protected":false},"excerpt":{"rendered":"<p>[vc_row full_width=&#8221;stretch_row_content_no_spaces&#8221; section_background_color=&#8221;#222327&#8243;][vc_column][ts_portfolio total_count=&#8221;24&#8243;][\/vc_column][\/vc_row][vc_row content_placement=&#8221;middle&#8221; use_container=&#8221;yes&#8221;][vc_column width=&#8221;1\/3&#8243; el_class=&#8221;title-spacing&#8221;][ts_section_title title=&#8221;K\u0130MLERLE \u00c7ALI\u015eTIK&#8221;][\/vc_column][vc_column width=&#8221;7\/12&#8243; offset=&#8221;vc_col-lg-offset-1&#8243;][vc_row_inner el_class=&#8221;clients-spacing&#8221;][vc_column_inner width=&#8221;1\/3&#8243; offset=&#8221;vc_col-xs-4&#8243;][ts_client logo=&#8221;1646&#8243; link=&#8221;https:\/\/aktaygyo.com\/&#8221;][\/vc_column_inner][vc_column_inner width=&#8221;1\/3&#8243; offset=&#8221;vc_col-xs-4&#8243;][ts_client logo=&#8221;1644&#8243;][\/vc_column_inner][vc_column_inner width=&#8221;1\/3&#8243; offset=&#8221;vc_col-xs-4&#8243;][ts_client logo=&#8221;1645&#8243;][\/vc_column_inner][\/vc_row_inner][vc_row_inner el_class=&#8221;ikardi&#8221;][vc_column_inner width=&#8221;1\/3&#8243; offset=&#8221;vc_col-xs-4&#8243;][ts_client logo=&#8221;1653&#8243;][\/vc_column_inner][vc_column_inner width=&#8221;1\/3&#8243; offset=&#8221;vc_col-xs-4&#8243;][ts_client logo=&#8221;1712&#8243;][\/vc_column_inner][vc_column_inner width=&#8221;1\/3&#8243; offset=&#8221;vc_col-xs-4&#8243;][ts_client logo=&#8221;1714&#8243;][\/vc_column_inner][\/vc_row_inner][vc_row_inner el_class=&#8221;clients-spacing&#8221;][vc_column_inner width=&#8221;1\/3&#8243; offset=&#8221;vc_col-xs-4&#8243;][ts_client logo=&#8221;1716&#8243;][\/vc_column_inner][vc_column_inner width=&#8221;1\/3&#8243; offset=&#8221;vc_col-xs-4&#8243;][ts_client logo=&#8221;1719&#8243;][\/vc_column_inner][vc_column_inner width=&#8221;1\/3&#8243; offset=&#8221;vc_col-xs-4&#8243;][ts_client logo=&#8221;1723&#8243;][\/vc_column_inner][\/vc_row_inner][vc_row_inner el_class=&#8221;clients-spacing&#8221;][vc_column_inner width=&#8221;1\/3&#8243; offset=&#8221;vc_col-xs-4&#8243;][ts_client logo=&#8221;1725&#8243;][ts_client logo=&#8221;1728&#8243;][\/vc_column_inner][vc_column_inner width=&#8221;1\/3&#8243; offset=&#8221;vc_col-xs-4&#8243;][ts_client logo=&#8221;1724&#8243;][\/vc_column_inner][vc_column_inner width=&#8221;1\/3&#8243; offset=&#8221;vc_col-xs-4&#8243;][ts_client logo=&#8221;1726&#8243;][\/vc_column_inner][\/vc_row_inner][\/vc_column][\/vc_row]<\/p>\n","protected":false},"author":1,"featured_media":0,"parent":0,"menu_order":0,"comment_status":"closed","ping_status":"closed","template":"page-builder.php","meta":{"footnotes":"","_links_to":"","_links_to_target":""},"class_list":["post-22","page","type-page","status-publish","hentry"],"_links":{"self":[{"href":"https:\/\/aktaydesign.com\/index.php\/wp-json\/wp\/v2\/pages\/22","targetHints":{"allow":["GET"]}}],"collection":[{"href":"https:\/\/aktaydesign.com\/index.php\/wp-json\/wp\/v2\/pages"}],"about":[{"href":"https:\/\/aktaydesign.com\/index.php\/wp-json\/wp\/v2\/types\/page"}],"author":[{"embeddable":true,"href":"https:\/\/aktaydesign.com\/index.php\/wp-json\/wp\/v2\/users\/1"}],"replies":[{"embeddable":true,"href":"https:\/\/aktaydesign.com\/index.php\/wp-json\/wp\/v2\/comments?post=22"}],"version-history":[{"count":14,"href":"https:\/\/aktaydesign.com\/index.php\/wp-json\/wp\/v2\/pages\/22\/revisions"}],"predecessor-version":[{"id":1767,"href":"https:\/\/aktaydesign.com\/index.php\/wp-json\/wp\/v2\/pages\/22\/revisions\/1767"}],"wp:attachment":[{"href":"https:\/\/aktaydesign.com\/index.php\/wp-json\/wp\/v2\/media?parent=22"}],"curies":[{"name":"wp","href":"https:\/\/api.w.org\/{rel}","templated":true}]}}